{"id":794,"date":"2020-01-24T11:29:12","date_gmt":"2020-01-24T10:29:12","guid":{"rendered":"https:\/\/www.reflectingoil.info\/aktuelles\/"},"modified":"2020-12-31T08:17:45","modified_gmt":"2020-12-31T07:17:45","slug":"news","status":"publish","type":"page","link":"https:\/\/www.reflectingoil.info\/en\/news\/","title":{"rendered":"News"},"content":{"rendered":"\n<p><\/p>\n\n\n\n<hr class=\"wp-block-separator has-text-color has-background is-style-wide\" style=\"background-color:#b3b3b2;color:#b3b3b2\"\/>\n\n\n<section class=\"gb-block-post-grid featuredpost aligncenter\"><div class=\"gb-post-grid-items is-list\"><article id=\"post-4422\" class=\"gb-post-grid-item post-4422 post type-post status-publish format-standard has-post-thumbnail hentry category-events category-news-en category-publication\"><div class=\"gb-block-post-grid-image\"><a href=\"https:\/\/www.reflectingoil.info\/en\/reflecting-oil-book-presentation\/\" rel=\"bookmark\" aria-hidden=\"true\" tabindex=\"-1\"><img loading=\"lazy\" decoding=\"async\" width=\"222\" height=\"300\" src=\"https:\/\/www.reflectingoil.info\/wp-content\/uploads\/2025\/05\/Reflecting_Oil_Buchcover_web-1-222x300.jpg\" class=\"attachment-medium size-medium\" alt=\"Reflecting Oil book cover, Ernst logar 2025\" srcset=\"https:\/\/www.reflectingoil.info\/wp-content\/uploads\/2025\/05\/Reflecting_Oil_Buchcover_web-1-222x300.jpg 222w, https:\/\/www.reflectingoil.info\/wp-content\/uploads\/2025\/05\/Reflecting_Oil_Buchcover_web-1-758x1024.jpg 758w, https:\/\/www.reflectingoil.info\/wp-content\/uploads\/2025\/05\/Reflecting_Oil_Buchcover_web-1-768x1037.jpg 768w, https:\/\/www.reflectingoil.info\/wp-content\/uploads\/2025\/05\/Reflecting_Oil_Buchcover_web-1-1137x1536.jpg 1137w, https:\/\/www.reflectingoil.info\/wp-content\/uploads\/2025\/05\/Reflecting_Oil_Buchcover_web-1-1516x2048.jpg 1516w, https:\/\/www.reflectingoil.info\/wp-content\/uploads\/2025\/05\/Reflecting_Oil_Buchcover_web-1-1320x1783.jpg 1320w, https:\/\/www.reflectingoil.info\/wp-content\/uploads\/2025\/05\/Reflecting_Oil_Buchcover_web-1-scaled.jpg 1896w\" sizes=\"(max-width: 222px) 100vw, 222px\" \/><\/a><\/div><div class=\"gb-block-post-grid-text\"><header class=\"gb-block-post-grid-header\"><h3 class=\"gb-block-post-grid-title\"><a href=\"https:\/\/www.reflectingoil.info\/en\/reflecting-oil-book-presentation\/\" rel=\"bookmark\">Reflecting Oil book presentation<\/a><\/h3><div class=\"gb-block-post-grid-byline\"><\/div><\/header><div class=\"gb-block-post-grid-excerpt\"><p>Book presentation and artist talk 03 Jun 2025, 17:00Angewandte Interdisciplinary Lab (AIL)\/ Otto Wagner-Postsparkasse In our global society, oil is one of the most important resources of the modern age. In the face of rapidlyadvancing global warming, we are facing a radical transformation into a post-fossil fuel era.Understanding our current culture,&hellip;<\/p>\n<p><a class=\"gb-block-post-grid-more-link gb-text-link\" href=\"https:\/\/www.reflectingoil.info\/en\/reflecting-oil-book-presentation\/\" rel=\"bookmark\">Continue <span class=\"screen-reader-text\">Reflecting Oil book presentation<\/span><\/a><\/p><\/div><\/div><\/article>\n<article id=\"post-4359\" class=\"gb-post-grid-item post-4359 post type-post status-publish format-standard has-post-thumbnail hentry category-exhibition category-news-en\"><div class=\"gb-block-post-grid-image\"><a href=\"https:\/\/www.reflectingoil.info\/en\/ernst-logar-reflecting-oil-petroculture-in-transformation\/\" rel=\"bookmark\" aria-hidden=\"true\" tabindex=\"-1\"><img loading=\"lazy\" decoding=\"async\" width=\"450\" height=\"300\" src=\"https:\/\/www.reflectingoil.info\/wp-content\/uploads\/2024\/09\/Melting-away-Bitumen-Porsche_Ernst-Logar-Bildrecht-2024_web-450x300.jpg\" class=\"attachment-medium size-medium\" alt=\"Melting away - Bitumen Porsche\" srcset=\"https:\/\/www.reflectingoil.info\/wp-content\/uploads\/2024\/09\/Melting-away-Bitumen-Porsche_Ernst-Logar-Bildrecht-2024_web-450x300.jpg 450w, https:\/\/www.reflectingoil.info\/wp-content\/uploads\/2024\/09\/Melting-away-Bitumen-Porsche_Ernst-Logar-Bildrecht-2024_web-1024x683.jpg 1024w, https:\/\/www.reflectingoil.info\/wp-content\/uploads\/2024\/09\/Melting-away-Bitumen-Porsche_Ernst-Logar-Bildrecht-2024_web-768x512.jpg 768w, https:\/\/www.reflectingoil.info\/wp-content\/uploads\/2024\/09\/Melting-away-Bitumen-Porsche_Ernst-Logar-Bildrecht-2024_web-600x400.jpg 600w, https:\/\/www.reflectingoil.info\/wp-content\/uploads\/2024\/09\/Melting-away-Bitumen-Porsche_Ernst-Logar-Bildrecht-2024_web-1320x880.jpg 1320w, https:\/\/www.reflectingoil.info\/wp-content\/uploads\/2024\/09\/Melting-away-Bitumen-Porsche_Ernst-Logar-Bildrecht-2024_web.jpg 1500w\" sizes=\"(max-width: 450px) 100vw, 450px\" \/><\/a><\/div><div class=\"gb-block-post-grid-text\"><header class=\"gb-block-post-grid-header\"><h3 class=\"gb-block-post-grid-title\"><a href=\"https:\/\/www.reflectingoil.info\/en\/ernst-logar-reflecting-oil-petroculture-in-transformation\/\" rel=\"bookmark\">Ernst Logar: Reflecting Oil  Petroculture in Transformation<\/a><\/h3><div class=\"gb-block-post-grid-byline\"><\/div><\/header><div class=\"gb-block-post-grid-excerpt\"><p>October 3 \u2013 November 15, 2024, opening: October 2, 2024, 7 pmAIL Angewandte Interdisciplinary Lab Oil constitutes one of the most important resources of the modern age in our global society. In light of increasing planetary warming, we are on the brink of a radical transformation into a post-fossil era. For&hellip;<\/p>\n<p><a class=\"gb-block-post-grid-more-link gb-text-link\" href=\"https:\/\/www.reflectingoil.info\/en\/ernst-logar-reflecting-oil-petroculture-in-transformation\/\" rel=\"bookmark\">Continue <span class=\"screen-reader-text\">Ernst Logar: Reflecting Oil  Petroculture in Transformation<\/span><\/a><\/p><\/div><\/div><\/article>\n<article id=\"post-3896\" class=\"gb-post-grid-item post-3896 post type-post status-publish format-standard has-post-thumbnail hentry category-news-en\"><div class=\"gb-block-post-grid-image\"><a href=\"https:\/\/www.reflectingoil.info\/en\/discussion-01\/\" rel=\"bookmark\" aria-hidden=\"true\" tabindex=\"-1\"><img loading=\"lazy\" decoding=\"async\" width=\"450\" height=\"300\" src=\"https:\/\/www.reflectingoil.info\/wp-content\/uploads\/2023\/02\/DSC_3640_web2-450x300.jpg\" class=\"attachment-medium size-medium\" alt=\"\" srcset=\"https:\/\/www.reflectingoil.info\/wp-content\/uploads\/2023\/02\/DSC_3640_web2-450x300.jpg 450w, https:\/\/www.reflectingoil.info\/wp-content\/uploads\/2023\/02\/DSC_3640_web2-768x512.jpg 768w, https:\/\/www.reflectingoil.info\/wp-content\/uploads\/2023\/02\/DSC_3640_web2-600x400.jpg 600w, https:\/\/www.reflectingoil.info\/wp-content\/uploads\/2023\/02\/DSC_3640_web2.jpg 1000w\" sizes=\"(max-width: 450px) 100vw, 450px\" \/><\/a><\/div><div class=\"gb-block-post-grid-text\"><header class=\"gb-block-post-grid-header\"><h3 class=\"gb-block-post-grid-title\"><a href=\"https:\/\/www.reflectingoil.info\/en\/discussion-01\/\" rel=\"bookmark\">Artistic Research &#038; Petroleum Science<\/a><\/h3><div class=\"gb-block-post-grid-byline\"><\/div><\/header><div class=\"gb-block-post-grid-excerpt\"><p>DISCUSSION: Crude oil is one of the most important fossil resources of modern times. To guarantee a sensibletransition to sustainable energy sources, it is crucial to comprehend the extent to which this omnipresent substance has shaped our modern culture. Artist Ernst Logar\u2019s interdisciplinary projectReflection Oil: Arts-Based Research on Oil Transitionings at&hellip;<\/p>\n<p><a class=\"gb-block-post-grid-more-link gb-text-link\" href=\"https:\/\/www.reflectingoil.info\/en\/discussion-01\/\" rel=\"bookmark\">Continue <span class=\"screen-reader-text\">Artistic Research &#038; Petroleum Science<\/span><\/a><\/p><\/div><\/div><\/article>\n<article id=\"post-3207\" class=\"gb-post-grid-item post-3207 post type-post status-publish format-standard has-post-thumbnail hentry category-news-en category-press-coverage\"><div class=\"gb-block-post-grid-image\"><a href=\"https:\/\/www.reflectingoil.info\/en\/presscoverage-04\/\" rel=\"bookmark\" aria-hidden=\"true\" tabindex=\"-1\"><img loading=\"lazy\" decoding=\"async\" width=\"285\" height=\"300\" src=\"https:\/\/www.reflectingoil.info\/wp-content\/uploads\/2022\/02\/Standard_img309_web.jpg\" class=\"attachment-medium size-medium\" alt=\"Standard-Artikel_Print_11-21\" \/><\/a><\/div><div class=\"gb-block-post-grid-text\"><header class=\"gb-block-post-grid-header\"><h3 class=\"gb-block-post-grid-title\"><a href=\"https:\/\/www.reflectingoil.info\/en\/presscoverage-04\/\" rel=\"bookmark\">Der Standard, 24 November 2021<\/a><\/h3><div class=\"gb-block-post-grid-byline\"><\/div><\/header><div class=\"gb-block-post-grid-excerpt\"><p>Alois Pumh\u00f6sel \u2013 Fakten und Fiktion im Klimawandel Die Klimaerw\u00e4rmung wird zunehmend Thema k\u00fcnstlerischer Auseinandersetzung. In vielen Projekten kooperieren Kunstschaffende und Forschende, um Erkenntnisse neuer Art. [article in German] Standard_24 11 2021_Fakten und Fiktion_A Pumhoeseldownload<\/p>\n<p><a class=\"gb-block-post-grid-more-link gb-text-link\" href=\"https:\/\/www.reflectingoil.info\/en\/presscoverage-04\/\" rel=\"bookmark\">Continue <span class=\"screen-reader-text\">Der Standard, 24 November 2021<\/span><\/a><\/p><\/div><\/div><\/article>\n<article id=\"post-2866\" class=\"gb-post-grid-item post-2866 post type-post status-publish format-standard has-post-thumbnail hentry category-news-en category-press-coverage\"><div class=\"gb-block-post-grid-image\"><a href=\"https:\/\/www.reflectingoil.info\/en\/presscoverage-03\/\" rel=\"bookmark\" aria-hidden=\"true\" tabindex=\"-1\"><img loading=\"lazy\" decoding=\"async\" width=\"356\" height=\"300\" src=\"https:\/\/www.reflectingoil.info\/wp-content\/uploads\/2021\/08\/Presse_img308_web.jpg\" class=\"attachment-medium size-medium\" alt=\"Presse-Artikel\" \/><\/a><\/div><div class=\"gb-block-post-grid-text\"><header class=\"gb-block-post-grid-header\"><h3 class=\"gb-block-post-grid-title\"><a href=\"https:\/\/www.reflectingoil.info\/en\/presscoverage-03\/\" rel=\"bookmark\">Die Presse, 7 August 2021<\/a><\/h3><div class=\"gb-block-post-grid-byline\"><\/div><\/header><div class=\"gb-block-post-grid-excerpt\"><p>Cornelia Grobner \u2013 Unsichtbare Verf\u00fchrung mit fatalem Ausgang Erd\u00f6l ist tief in unsere zivilisatorische Identit\u00e4t eingeschrieben \u2013 im Alltag dennoch wenig pr\u00e4sent. In einer ungew\u00f6hnlichen Kooperation erforschen K\u00fcnstler und Erd\u00f6ltechniker die Substanz neu. [article in German] download<\/p>\n<p><a class=\"gb-block-post-grid-more-link gb-text-link\" href=\"https:\/\/www.reflectingoil.info\/en\/presscoverage-03\/\" rel=\"bookmark\">Continue <span class=\"screen-reader-text\">Die Presse, 7 August 2021<\/span><\/a><\/p><\/div><\/div><\/article>\n<article id=\"post-2606\" class=\"gb-post-grid-item post-2606 post type-post status-publish format-standard has-post-thumbnail hentry category-news-en category-press-coverage\"><div class=\"gb-block-post-grid-image\"><a href=\"https:\/\/www.reflectingoil.info\/en\/presscoverage-02\/\" rel=\"bookmark\" aria-hidden=\"true\" tabindex=\"-1\"><img loading=\"lazy\" decoding=\"async\" width=\"293\" height=\"300\" src=\"https:\/\/www.reflectingoil.info\/wp-content\/uploads\/2021\/05\/FWF-scilog_Artikel_web2.jpg\" class=\"attachment-medium size-medium\" alt=\"FWF-scilog_Artikel_online\" \/><\/a><\/div><div class=\"gb-block-post-grid-text\"><header class=\"gb-block-post-grid-header\"><h3 class=\"gb-block-post-grid-title\"><a href=\"https:\/\/www.reflectingoil.info\/en\/presscoverage-02\/\" rel=\"bookmark\">scilog, Project of the Week, FWF, 25 May 2021<\/a><\/h3><div class=\"gb-block-post-grid-byline\"><\/div><\/header><div class=\"gb-block-post-grid-excerpt\"><p>Reflections on an oil culture Mineral oil is a substance with ambivalent properties: on the one hand, its use destroys the environment and negatively impacts the climate. On the other hand, it shapes people\u2019s daily lives in many ways and gives them an immense amount of power. In a joint project&hellip;<\/p>\n<p><a class=\"gb-block-post-grid-more-link gb-text-link\" href=\"https:\/\/www.reflectingoil.info\/en\/presscoverage-02\/\" rel=\"bookmark\">Continue <span class=\"screen-reader-text\">scilog, Project of the Week, FWF, 25 May 2021<\/span><\/a><\/p><\/div><\/div><\/article>\n<article id=\"post-2224\" class=\"gb-post-grid-item post-2224 post type-post status-publish format-standard has-post-thumbnail hentry category-exhibition category-news-en\"><div class=\"gb-block-post-grid-image\"><a href=\"https:\/\/www.reflectingoil.info\/en\/austellung-statement-11-en\/\" rel=\"bookmark\" aria-hidden=\"true\" tabindex=\"-1\"><img loading=\"lazy\" decoding=\"async\" width=\"450\" height=\"300\" src=\"https:\/\/www.reflectingoil.info\/wp-content\/uploads\/2021\/01\/WebsiteAusstellungenLakeside-450x300.jpg\" class=\"attachment-medium size-medium\" alt=\"Ernst Logar, Reflecting Oil, Wien 2020\" srcset=\"https:\/\/www.reflectingoil.info\/wp-content\/uploads\/2021\/01\/WebsiteAusstellungenLakeside-450x300.jpg 450w, https:\/\/www.reflectingoil.info\/wp-content\/uploads\/2021\/01\/WebsiteAusstellungenLakeside-1024x683.jpg 1024w, https:\/\/www.reflectingoil.info\/wp-content\/uploads\/2021\/01\/WebsiteAusstellungenLakeside-768x512.jpg 768w, https:\/\/www.reflectingoil.info\/wp-content\/uploads\/2021\/01\/WebsiteAusstellungenLakeside-1536x1024.jpg 1536w, https:\/\/www.reflectingoil.info\/wp-content\/uploads\/2021\/01\/WebsiteAusstellungenLakeside-2048x1366.jpg 2048w, https:\/\/www.reflectingoil.info\/wp-content\/uploads\/2021\/01\/WebsiteAusstellungenLakeside-600x400.jpg 600w, https:\/\/www.reflectingoil.info\/wp-content\/uploads\/2021\/01\/WebsiteAusstellungenLakeside-1320x880.jpg 1320w\" sizes=\"(max-width: 450px) 100vw, 450px\" \/><\/a><\/div><div class=\"gb-block-post-grid-text\"><header class=\"gb-block-post-grid-header\"><h3 class=\"gb-block-post-grid-title\"><a href=\"https:\/\/www.reflectingoil.info\/en\/austellung-statement-11-en\/\" rel=\"bookmark\">Statement #11 | Ernst Logar \u2014 Crude Oil Experiments, 2021<\/a><\/h3><div class=\"gb-block-post-grid-byline\"><\/div><\/header><div class=\"gb-block-post-grid-excerpt\"><p>Kunstraum Lakeside, Klagenfurt (AT), presentation and performance, 6 May 2021, 12\u20138 pm (performance at 6pm) Oil drastically changed the world in the twentieth century. This transformation affected all areas of life, from mass mobility and food production to the application of polymers and plastics in consumer articles such as cosmetics and&hellip;<\/p>\n<p><a class=\"gb-block-post-grid-more-link gb-text-link\" href=\"https:\/\/www.reflectingoil.info\/en\/austellung-statement-11-en\/\" rel=\"bookmark\">Continue <span class=\"screen-reader-text\">Statement #11 | Ernst Logar \u2014 Crude Oil Experiments, 2021<\/span><\/a><\/p><\/div><\/div><\/article>\n<article id=\"post-1133\" class=\"gb-post-grid-item post-1133 post type-post status-publish format-standard has-post-thumbnail hentry category-exhibition category-news-en\"><div class=\"gb-block-post-grid-image\"><a href=\"https:\/\/www.reflectingoil.info\/en\/exhibition-understanding\/\" rel=\"bookmark\" aria-hidden=\"true\" tabindex=\"-1\"><img loading=\"lazy\" decoding=\"async\" width=\"444\" height=\"300\" src=\"https:\/\/www.reflectingoil.info\/wp-content\/uploads\/2020\/01\/Reflecting-Oil_Ausstellungsansicht-Detail_Peacock-Visaual-Arts-Ernst-Logar-2008-444x300.jpg\" class=\"attachment-medium size-medium\" alt=\"Reflecting Oil_Ausstellungsansicht-Detail_Peacock Visual Arts-Ernst Logar 2008\" srcset=\"https:\/\/www.reflectingoil.info\/wp-content\/uploads\/2020\/01\/Reflecting-Oil_Ausstellungsansicht-Detail_Peacock-Visaual-Arts-Ernst-Logar-2008-444x300.jpg 444w, https:\/\/www.reflectingoil.info\/wp-content\/uploads\/2020\/01\/Reflecting-Oil_Ausstellungsansicht-Detail_Peacock-Visaual-Arts-Ernst-Logar-2008-768x518.jpg 768w, https:\/\/www.reflectingoil.info\/wp-content\/uploads\/2020\/01\/Reflecting-Oil_Ausstellungsansicht-Detail_Peacock-Visaual-Arts-Ernst-Logar-2008.jpg 1000w\" sizes=\"(max-width: 444px) 100vw, 444px\" \/><\/a><\/div><div class=\"gb-block-post-grid-text\"><header class=\"gb-block-post-grid-header\"><h3 class=\"gb-block-post-grid-title\"><a href=\"https:\/\/www.reflectingoil.info\/en\/exhibition-understanding\/\" rel=\"bookmark\">UNDERSTANDING \u2013 ART &#038; RESEARCH, 2019\/2021<\/a><\/h3><div class=\"gb-block-post-grid-byline\"><\/div><\/header><div class=\"gb-block-post-grid-excerpt\"><p>The University of Applied Arts Vienna presents exemplary approaches to its artistic research under the title UNDERSTANDING \u2013 ART &amp; RESEARCH, it is about understanding as the very creative impulse. Through examples from research and teaching, science and art the transformation of society can be viewed, examined, sensed, discussed and experienced.&hellip;<\/p>\n<p><a class=\"gb-block-post-grid-more-link gb-text-link\" href=\"https:\/\/www.reflectingoil.info\/en\/exhibition-understanding\/\" rel=\"bookmark\">Continue <span class=\"screen-reader-text\">UNDERSTANDING \u2013 ART &#038; RESEARCH, 2019\/2021<\/span><\/a><\/p><\/div><\/div><\/article>\n<\/div><\/section>","protected":false},"excerpt":{"rendered":"","protected":false},"author":2,"featured_media":795,"parent":0,"menu_order":0,"comment_status":"closed","ping_status":"closed","template":"","meta":{"_acf_changed":false,"footnotes":""},"class_list":["post-794","page","type-page","status-publish","has-post-thumbnail","hentry"],"acf":[],"featured_image_src":"https:\/\/www.reflectingoil.info\/wp-content\/uploads\/2020\/01\/Bildfueller_DSC5296.jpg","featured_image_src_square":"https:\/\/www.reflectingoil.info\/wp-content\/uploads\/2020\/01\/Bildfueller_DSC5296.jpg","_links":{"self":[{"href":"https:\/\/www.reflectingoil.info\/en\/wp-json\/wp\/v2\/pages\/794"}],"collection":[{"href":"https:\/\/www.reflectingoil.info\/en\/wp-json\/wp\/v2\/pages"}],"about":[{"href":"https:\/\/www.reflectingoil.info\/en\/wp-json\/wp\/v2\/types\/page"}],"author":[{"embeddable":true,"href":"https:\/\/www.reflectingoil.info\/en\/wp-json\/wp\/v2\/users\/2"}],"replies":[{"embeddable":true,"href":"https:\/\/www.reflectingoil.info\/en\/wp-json\/wp\/v2\/comments?post=794"}],"version-history":[{"count":5,"href":"https:\/\/www.reflectingoil.info\/en\/wp-json\/wp\/v2\/pages\/794\/revisions"}],"predecessor-version":[{"id":2192,"href":"https:\/\/www.reflectingoil.info\/en\/wp-json\/wp\/v2\/pages\/794\/revisions\/2192"}],"wp:featuredmedia":[{"embeddable":true,"href":"https:\/\/www.reflectingoil.info\/en\/wp-json\/wp\/v2\/media\/795"}],"wp:attachment":[{"href":"https:\/\/www.reflectingoil.info\/en\/wp-json\/wp\/v2\/media?parent=794"}],"curies":[{"name":"wp","href":"https:\/\/api.w.org\/{rel}","templated":true}]}}